{"id":1386,"date":"2025-07-07T14:17:49","date_gmt":"2025-07-07T12:17:49","guid":{"rendered":"https:\/\/d2c-trade.com\/platte-daken\/"},"modified":"2025-07-21T12:15:13","modified_gmt":"2025-07-21T10:15:13","slug":"valli-zabban-dakmenbranen","status":"publish","type":"page","link":"https:\/\/d2c-trade.com\/nl\/valli-zabban-dakmenbranen\/","title":{"rendered":"Valli Zabban Dakmenbranen"},"content":{"rendered":"\t\t<div data-elementor-type=\"wp-post\" data-elementor-id=\"1386\" class=\"elementor elementor-1386 elementor-1151\">\n\t\t\t\t\t\t<div class=\"elementor-inner\">\n\t\t\t\t<div class=\"elementor-section-wrap\">\n\t\t\t\t\t\t\t\t\t<section class=\"has_eae_slider elementor-section elementor-top-section elementor-element elementor-element-3e4815a4 elementor-section-content-middle elementor-section-boxed elementor-section-height-default elementor-section-height-default\" data-id=\"3e4815a4\" data-element_type=\"section\" data-settings=\"{&quot;background_background&quot;:&quot;classic&quot;,&quot;shape_divider_bottom&quot;:&quot;arrow&quot;,&quot;shape_divider_bottom_negative&quot;:&quot;yes&quot;}\">\n\t\t\t\t\t\t\t<div class=\"elementor-background-overlay\"><\/div>\n\t\t\t\t\t\t<div class=\"elementor-shape elementor-shape-bottom\" data-negative=\"true\">\n\t\t\t<svg xmlns=\"http:\/\/www.w3.org\/2000\/svg\" viewBox=\"0 0 700 10\" preserveAspectRatio=\"none\">\n\t<path class=\"elementor-shape-fill\" d=\"M360 0L350 9.9 340 0 0 0 0 10 700 10 700 0\"\/>\n<\/svg>\t\t<\/div>\n\t\t\t\t\t<div class=\"elementor-container elementor-column-gap-default\">\n\t\t\t\t\t\t\t<div class=\"elementor-row\">\n\t\t\t\t\t<div class=\"has_eae_slider elementor-column elementor-col-100 elementor-top-column elementor-element elementor-element-593066d6\" data-id=\"593066d6\" data-element_type=\"column\">\n\t\t\t<div class=\"elementor-column-wrap elementor-element-populated\">\n\t\t\t\t\t\t\t<div class=\"elementor-widget-wrap\">\n\t\t\t\t\t\t<div class=\"elementor-element elementor-element-76e196c7 elementor-widget elementor-widget-heading\" data-id=\"76e196c7\" data-element_type=\"widget\" data-widget_type=\"heading.default\">\n\t\t\t\t<div class=\"elementor-widget-container\">\n\t\t\t<span class=\"elementor-heading-title elementor-size-large\">Dakbedekkingsmaterialen<\/span>\t\t<\/div>\n\t\t\t\t<\/div>\n\t\t\t\t\t\t<\/div>\n\t\t\t\t\t<\/div>\n\t\t<\/div>\n\t\t\t\t\t\t\t\t<\/div>\n\t\t\t\t\t<\/div>\n\t\t<\/section>\n\t\t\t\t<section class=\"has_eae_slider elementor-section elementor-top-section elementor-element elementor-element-5577af18 produits elementor-section-boxed elementor-section-height-default elementor-section-height-default\" data-id=\"5577af18\" data-element_type=\"section\" data-settings=\"{&quot;background_background&quot;:&quot;classic&quot;}\">\n\t\t\t\t\t\t\t<div class=\"elementor-background-overlay\"><\/div>\n\t\t\t\t\t\t\t<div class=\"elementor-container elementor-column-gap-default\">\n\t\t\t\t\t\t\t<div class=\"elementor-row\">\n\t\t\t\t\t<div class=\"has_eae_slider elementor-column elementor-col-50 elementor-top-column elementor-element elementor-element-77c761fc\" data-id=\"77c761fc\" data-element_type=\"column\">\n\t\t\t<div class=\"elementor-column-wrap elementor-element-populated\">\n\t\t\t\t\t\t\t<div class=\"elementor-widget-wrap\">\n\t\t\t\t\t\t<div class=\"elementor-element elementor-element-25c1d8b elementor-widget elementor-widget-image\" data-id=\"25c1d8b\" data-element_type=\"widget\" data-widget_type=\"image.default\">\n\t\t\t\t<div class=\"elementor-widget-container\">\n\t\t\t\t\t\t\t\t<div class=\"elementor-image\">\n\t\t\t\t\t\t\t\t\t\t\t\t<img decoding=\"async\" width=\"290\" height=\"68\" src=\"https:\/\/d2c-trade.com\/wp-content\/uploads\/2025\/07\/logo-Valli-Zabban.jpg\" class=\"attachment-large size-large wp-image-1377\" alt=\"\" loading=\"lazy\" sizes=\"100vw\" \/>\t\t\t\t\t\t\t\t\t\t\t\t\t\t<\/div>\n\t\t\t\t\t\t<\/div>\n\t\t\t\t<\/div>\n\t\t\t\t<div class=\"elementor-element elementor-element-7e68a92 elementor-widget elementor-widget-heading\" data-id=\"7e68a92\" data-element_type=\"widget\" data-widget_type=\"heading.default\">\n\t\t\t\t<div class=\"elementor-widget-container\">\n\t\t\t<h2 class=\"elementor-heading-title elementor-size-large\">Distributeur voor Belgi\u00eb Valli Zabban <\/h2>\t\t<\/div>\n\t\t\t\t<\/div>\n\t\t\t\t<div class=\"elementor-element elementor-element-55e0d648 elementor-widget elementor-widget-heading\" data-id=\"55e0d648\" data-element_type=\"widget\" data-widget_type=\"heading.default\">\n\t\t\t\t<div class=\"elementor-widget-container\">\n\t\t\t<span class=\"elementor-heading-title elementor-size-large\">Een bedrijf toegewijd aan uitmuntendheid in asfaltmembranen<\/span>\t\t<\/div>\n\t\t\t\t<\/div>\n\t\t\t\t<div class=\"elementor-element elementor-element-619d259e elementor-widget-divider--view-line elementor-widget elementor-widget-divider\" data-id=\"619d259e\" data-element_type=\"widget\" data-widget_type=\"divider.default\">\n\t\t\t\t<div class=\"elementor-widget-container\">\n\t\t\t\t\t<div class=\"elementor-divider\">\n\t\t\t<span class=\"elementor-divider-separator\">\n\t\t\t\t\t\t<\/span>\n\t\t<\/div>\n\t\t\t\t<\/div>\n\t\t\t\t<\/div>\n\t\t\t\t<div class=\"elementor-element elementor-element-7117ff0 elementor-widget elementor-widget-text-editor\" data-id=\"7117ff0\" data-element_type=\"widget\" data-widget_type=\"text-editor.default\">\n\t\t\t\t<div class=\"elementor-widget-container\">\n\t\t\t\t\t\t\t\t<div class=\"elementor-text-editor elementor-clearfix\">\n\t\t\t\t<p>Valli Zabban is een innovatief bedrijf dat gespecialiseerd is in de productie van hoogwaardige asfaltmembranen. Gedreven door een toewijding aan uitmuntendheid en naleving van de strengste normen, biedt Valli Zabban een reeks producten die voldoen aan de eisen van de sector en tegelijkertijd duurzame en performante oplossingen leveren.<\/p>\n<h3>Gecertificeerde en genormeerde producten<\/h3>\n<p>De asfaltmembranen van Valli Zabban zijn ontworpen om aan de hoogste standaarden te voldoen en zijn gecertificeerd door de ATG (Europees Technisch Goedkeuring), wat hun conformiteit en betrouwbaarheid garandeert. Deze certificeringen getuigen van de kwaliteit van de producten en het engagement van het bedrijf om oplossingen te leveren die voldoen aan de veiligheids- en duurzaamheidsnormen en tegelijkertijd optimale prestaties bieden.<\/p>\n<h3>Innovatie in het hart van het bedrijf<\/h3>\n<p>Valli Zabban plaatst innovatie centraal in zijn activiteiten. Dankzij een benadering die gericht is op onderzoek en ontwikkeling, blijft het bedrijf zijn producten verbeteren en nieuwe technologie\u00ebn introduceren. Deze vooruitgangen maken het mogelijk om in te spelen op de specifieke behoeften van de markt en tegelijkertijd toekomstige uitdagingen op het gebied van bouw en waterdichting te anticiperen.<\/p>\n\t\t\t\t\t<\/div>\n\t\t\t\t\t\t<\/div>\n\t\t\t\t<\/div>\n\t\t\t\t\t\t<\/div>\n\t\t\t\t\t<\/div>\n\t\t<\/div>\n\t\t\t\t<div class=\"has_eae_slider elementor-column elementor-col-50 elementor-top-column elementor-element elementor-element-1b60a5b\" data-id=\"1b60a5b\" data-element_type=\"column\">\n\t\t\t<div class=\"elementor-column-wrap elementor-element-populated\">\n\t\t\t\t\t\t\t<div class=\"elementor-widget-wrap\">\n\t\t\t\t\t\t<div class=\"elementor-element elementor-element-7e6e892 elementor-widget elementor-widget-image\" data-id=\"7e6e892\" data-element_type=\"widget\" data-widget_type=\"image.default\">\n\t\t\t\t<div class=\"elementor-widget-container\">\n\t\t\t\t\t\t\t\t<div class=\"elementor-image\">\n\t\t\t\t\t\t\t\t\t\t\t\t<img decoding=\"async\" width=\"525\" height=\"243\" src=\"https:\/\/d2c-trade.com\/wp-content\/uploads\/2025\/07\/Valli-Zabban-01-1024x474.jpg\" class=\"attachment-large size-large wp-image-1378\" alt=\"\" loading=\"lazy\" srcset=\"https:\/\/d2c-trade.com\/wp-content\/uploads\/2025\/07\/Valli-Zabban-01-1024x474.jpg 1024w, https:\/\/d2c-trade.com\/wp-content\/uploads\/2025\/07\/Valli-Zabban-01-300x139.jpg 300w, https:\/\/d2c-trade.com\/wp-content\/uploads\/2025\/07\/Valli-Zabban-01-768x355.jpg 768w, https:\/\/d2c-trade.com\/wp-content\/uploads\/2025\/07\/Valli-Zabban-01-1536x710.jpg 1536w, https:\/\/d2c-trade.com\/wp-content\/uploads\/2025\/07\/Valli-Zabban-01.jpg 1920w\" sizes=\"100vw\" \/>\t\t\t\t\t\t\t\t\t\t\t\t\t\t<\/div>\n\t\t\t\t\t\t<\/div>\n\t\t\t\t<\/div>\n\t\t\t\t<div class=\"elementor-element elementor-element-cb92575 custom-list elementor-widget elementor-widget-text-editor\" data-id=\"cb92575\" data-element_type=\"widget\" data-widget_type=\"text-editor.default\">\n\t\t\t\t<div class=\"elementor-widget-container\">\n\t\t\t\t\t\t\t\t<div class=\"elementor-text-editor elementor-clearfix\">\n\t\t\t\t<p><strong>Distributie verzekerd door D2C<\/strong> De producten van Valli Zabban worden gedistribueerd door D2C, een betrouwbare en erkende partner die in staat is om kwaliteitsoplossingen aan zijn klanten te leveren. Deze samenwerking garandeert een snelle en effici\u00ebnte beschikbaarheid van Valli Zabban-producten, waardoor hun positie op de markt wordt versterkt.<\/p>\n<p><strong>Waarom kiezen voor Valli Zabban?<\/strong><\/p>\n<ul>\n<li><strong>Superieure kwaliteit<\/strong>: Asfaltmembranen ontworpen volgens strikte normen.<\/li>\n<li><strong>Erkende certificeringen<\/strong>: Producten goedgekeurd door de ATG voor volledige zekerheid.<\/li>\n<li><strong>Voortdurende innovatie<\/strong>: Een bedrijf dat vooroploopt in nieuwe technologie\u00ebn binnen de sector.<\/li>\n<li><strong>Effici\u00ebnte distributie<\/strong>: Een strategisch partnerschap met D2C voor een beheerde logistiek.<\/li>\n<\/ul>\n<p>Met Valli Zabban kiest u voor een bedrijf dat traditie en moderniteit combineert en betrouwbare en innovatieve oplossingen biedt voor al uw projecten. Of het nu gaat om residenti\u00eble, commerci\u00eble of industri\u00eble toepassingen, de asfaltmembranen van Valli Zabban zijn de ideale keuze voor duurzame prestaties en onge\u00ebvenaarde kwaliteit.<\/p>\n<p><strong>Vragen? Aarzel niet om contact op te nemen met D2C!<\/strong><\/p>\n\t\t\t\t\t<\/div>\n\t\t\t\t\t\t<\/div>\n\t\t\t\t<\/div>\n\t\t\t\t<div class=\"elementor-element elementor-element-4347918 elementor-mobile-align-left elementor-widget elementor-widget-button\" data-id=\"4347918\" data-element_type=\"widget\" data-widget_type=\"button.default\">\n\t\t\t\t<div class=\"elementor-widget-container\">\n\t\t\t\t\t<div class=\"elementor-button-wrapper\">\n\t\t\t<a href=\"https:\/\/vallizabban.com\/en\/\" target=\"_blank\" class=\"elementor-button-link elementor-button elementor-size-sm elementor-animation-pop\" role=\"button\">\n\t\t\t\t\t\t<span class=\"elementor-button-content-wrapper\">\n\t\t\t\t\t\t<span class=\"elementor-button-text\">Zie de website van Valli Zabban<\/span>\n\t\t<\/span>\n\t\t\t\t\t<\/a>\n\t\t<\/div>\n\t\t\t\t<\/div>\n\t\t\t\t<\/div>\n\t\t\t\t<div class=\"elementor-element elementor-element-6159ae2 elementor-mobile-align-left elementor-widget elementor-widget-button\" data-id=\"6159ae2\" data-element_type=\"widget\" data-widget_type=\"button.default\">\n\t\t\t\t<div class=\"elementor-widget-container\">\n\t\t\t\t\t<div class=\"elementor-button-wrapper\">\n\t\t\t<a href=\"https:\/\/d2c-trade.com\/nl\/contact\/\" class=\"elementor-button-link elementor-button elementor-size-sm elementor-animation-pop\" role=\"button\">\n\t\t\t\t\t\t<span class=\"elementor-button-content-wrapper\">\n\t\t\t\t\t\t<span class=\"elementor-button-text\">Neem contact met ons op<\/span>\n\t\t<\/span>\n\t\t\t\t\t<\/a>\n\t\t<\/div>\n\t\t\t\t<\/div>\n\t\t\t\t<\/div>\n\t\t\t\t\t\t<\/div>\n\t\t\t\t\t<\/div>\n\t\t<\/div>\n\t\t\t\t\t\t\t\t<\/div>\n\t\t\t\t\t<\/div>\n\t\t<\/section>\n\t\t\t\t<section class=\"has_eae_slider elementor-section elementor-top-section elementor-element elementor-element-fb33280 elementor-section-height-min-height elementor-section-boxed elementor-section-height-default elementor-section-items-middle\" data-id=\"fb33280\" data-element_type=\"section\" data-settings=\"{&quot;background_background&quot;:&quot;classic&quot;,&quot;background_motion_fx_motion_fx_scrolling&quot;:&quot;yes&quot;,&quot;background_motion_fx_translateX_effect&quot;:&quot;yes&quot;,&quot;background_motion_fx_translateX_speed&quot;:{&quot;unit&quot;:&quot;px&quot;,&quot;size&quot;:4,&quot;sizes&quot;:[]},&quot;background_motion_fx_translateX_affectedRange&quot;:{&quot;unit&quot;:&quot;%&quot;,&quot;size&quot;:&quot;&quot;,&quot;sizes&quot;:{&quot;start&quot;:0,&quot;end&quot;:100}},&quot;background_motion_fx_devices&quot;:[&quot;desktop&quot;,&quot;tablet&quot;,&quot;mobile&quot;]}\">\n\t\t\t\t\t\t<div class=\"elementor-container elementor-column-gap-default\">\n\t\t\t\t\t\t\t<div class=\"elementor-row\">\n\t\t\t\t\t<div class=\"has_eae_slider elementor-column elementor-col-100 elementor-top-column elementor-element elementor-element-a3d333d\" data-id=\"a3d333d\" data-element_type=\"column\">\n\t\t\t<div class=\"elementor-column-wrap\">\n\t\t\t\t\t\t\t<div class=\"elementor-widget-wrap\">\n\t\t\t\t\t\t\t\t<\/div>\n\t\t\t\t\t<\/div>\n\t\t<\/div>\n\t\t\t\t\t\t\t\t<\/div>\n\t\t\t\t\t<\/div>\n\t\t<\/section>\n\t\t\t\t\t\t\t\t\t<\/div>\n\t\t\t<\/div>\n\t\t\t\t\t<\/div>\n\t\t","protected":false},"excerpt":{"rendered":"<p>Dakbedekkingsmaterialen Distributeur voor Belgi\u00eb Valli Zabban Een bedrijf toegewijd aan uitmuntendheid in asfaltmembranen Valli Zabban is een innovatief bedrijf dat gespecialiseerd is in de productie van hoogwaardige asfaltmembranen. Gedreven door een toewijding aan uitmuntendheid en naleving van de strengste normen, biedt Valli Zabban een reeks producten die voldoen aan de eisen van de sector en &hellip; <\/p>\n<p class=\"link-more\"><a href=\"https:\/\/d2c-trade.com\/nl\/valli-zabban-dakmenbranen\/\" class=\"more-link\">Lees verder <span class=\"screen-reader-text\">&#8220;Valli Zabban Dakmenbranen&#8221;<\/span><\/a><\/p>\n","protected":false},"author":1,"featured_media":0,"parent":0,"menu_order":0,"comment_status":"closed","ping_status":"closed","template":"elementor_header_footer","meta":{"_exactmetrics_skip_tracking":false,"_exactmetrics_sitenote_active":false,"_exactmetrics_sitenote_note":"","_exactmetrics_sitenote_category":0},"yoast_head":"<!-- This site is optimized with the Yoast SEO plugin v20.8 - https:\/\/yoast.com\/wordpress\/plugins\/seo\/ -->\n<title>Roofing - D2C Trade - Produits de construction en terre cuite de qualit\u00e9, blocs en terre cuite, briques de parement, isolation et accessoires pour toitures<\/title>\n<meta name=\"description\" content=\"Ontdek onze dakbedekkingsleveranciers. Wij zijn gevestigd in Anderlues. Neem nu contact met ons op via 071 52 38 05.\" \/>\n<meta name=\"robots\" content=\"index, follow, max-snippet:-1, max-image-preview:large, max-video-preview:-1\" \/>\n<link rel=\"canonical\" href=\"https:\/\/d2c-trade.com\/nl\/valli-zabban-dakmenbranen\/\" \/>\n<meta property=\"og:locale\" content=\"nl_NL\" \/>\n<meta property=\"og:type\" content=\"article\" \/>\n<meta property=\"og:title\" content=\"Roofing - D2C Trade - Produits de construction en terre cuite de qualit\u00e9, blocs en terre cuite, briques de parement, isolation et accessoires pour toitures\" \/>\n<meta property=\"og:description\" content=\"Ontdek onze dakbedekkingsleveranciers. Wij zijn gevestigd in Anderlues. Neem nu contact met ons op via 071 52 38 05.\" \/>\n<meta property=\"og:url\" content=\"https:\/\/d2c-trade.com\/nl\/valli-zabban-dakmenbranen\/\" \/>\n<meta property=\"og:site_name\" content=\"D2C Trade\" \/>\n<meta property=\"article:publisher\" content=\"https:\/\/www.facebook.com\/D2c-Trade-243062613026845\/\" \/>\n<meta property=\"article:modified_time\" content=\"2025-07-21T10:15:13+00:00\" \/>\n<meta property=\"og:image\" content=\"https:\/\/d2c-trade.com\/wp-content\/uploads\/2025\/07\/logo-Valli-Zabban.jpg\" \/>\n<meta name=\"twitter:card\" content=\"summary_large_image\" \/>\n<meta name=\"twitter:label1\" content=\"Geschatte leestijd\" \/>\n\t<meta name=\"twitter:data1\" content=\"2 minuten\" \/>\n<script type=\"application\/ld+json\" class=\"yoast-schema-graph\">{\"@context\":\"https:\/\/schema.org\",\"@graph\":[{\"@type\":\"WebPage\",\"@id\":\"https:\/\/d2c-trade.com\/nl\/valli-zabban-dakmenbranen\/\",\"url\":\"https:\/\/d2c-trade.com\/nl\/valli-zabban-dakmenbranen\/\",\"name\":\"Roofing - D2C Trade - Produits de construction en terre cuite de qualit\u00e9, blocs en terre cuite, briques de parement, isolation et accessoires pour toitures\",\"isPartOf\":{\"@id\":\"https:\/\/d2c-trade.com\/nl\/#website\"},\"datePublished\":\"2025-07-07T12:17:49+00:00\",\"dateModified\":\"2025-07-21T10:15:13+00:00\",\"description\":\"Ontdek onze dakbedekkingsleveranciers. Wij zijn gevestigd in Anderlues. Neem nu contact met ons op via 071 52 38 05.\",\"breadcrumb\":{\"@id\":\"https:\/\/d2c-trade.com\/nl\/valli-zabban-dakmenbranen\/#breadcrumb\"},\"inLanguage\":\"nl-NL\",\"potentialAction\":[{\"@type\":\"ReadAction\",\"target\":[\"https:\/\/d2c-trade.com\/nl\/valli-zabban-dakmenbranen\/\"]}]},{\"@type\":\"BreadcrumbList\",\"@id\":\"https:\/\/d2c-trade.com\/nl\/valli-zabban-dakmenbranen\/#breadcrumb\",\"itemListElement\":[{\"@type\":\"ListItem\",\"position\":1,\"name\":\"Accueil\",\"item\":\"https:\/\/d2c-trade.com\/nl\/\"},{\"@type\":\"ListItem\",\"position\":2,\"name\":\"Valli Zabban Dakmenbranen\"}]},{\"@type\":\"WebSite\",\"@id\":\"https:\/\/d2c-trade.com\/nl\/#website\",\"url\":\"https:\/\/d2c-trade.com\/nl\/\",\"name\":\"D2C Trade\",\"description\":\"Produits de construction en terre cuite de qualit\u00e9, blocs en terre cuite, briques de parement, isolation et accessoires pour toitures\",\"publisher\":{\"@id\":\"https:\/\/d2c-trade.com\/nl\/#organization\"},\"potentialAction\":[{\"@type\":\"SearchAction\",\"target\":{\"@type\":\"EntryPoint\",\"urlTemplate\":\"https:\/\/d2c-trade.com\/nl\/?s={search_term_string}\"},\"query-input\":\"required name=search_term_string\"}],\"inLanguage\":\"nl-NL\"},{\"@type\":\"Organization\",\"@id\":\"https:\/\/d2c-trade.com\/nl\/#organization\",\"name\":\"D2C Trade\",\"url\":\"https:\/\/d2c-trade.com\/nl\/\",\"logo\":{\"@type\":\"ImageObject\",\"inLanguage\":\"nl-NL\",\"@id\":\"https:\/\/d2c-trade.com\/nl\/#\/schema\/logo\/image\/\",\"url\":\"\",\"contentUrl\":\"\",\"caption\":\"D2C Trade\"},\"image\":{\"@id\":\"https:\/\/d2c-trade.com\/nl\/#\/schema\/logo\/image\/\"},\"sameAs\":[\"https:\/\/www.facebook.com\/D2c-Trade-243062613026845\/\"]}]}<\/script>\n<!-- \/ Yoast SEO plugin. -->","yoast_head_json":{"title":"Roofing - D2C Trade - Produits de construction en terre cuite de qualit\u00e9, blocs en terre cuite, briques de parement, isolation et accessoires pour toitures","description":"Ontdek onze dakbedekkingsleveranciers. Wij zijn gevestigd in Anderlues. Neem nu contact met ons op via 071 52 38 05.","robots":{"index":"index","follow":"follow","max-snippet":"max-snippet:-1","max-image-preview":"max-image-preview:large","max-video-preview":"max-video-preview:-1"},"canonical":"https:\/\/d2c-trade.com\/nl\/valli-zabban-dakmenbranen\/","og_locale":"nl_NL","og_type":"article","og_title":"Roofing - D2C Trade - Produits de construction en terre cuite de qualit\u00e9, blocs en terre cuite, briques de parement, isolation et accessoires pour toitures","og_description":"Ontdek onze dakbedekkingsleveranciers. Wij zijn gevestigd in Anderlues. Neem nu contact met ons op via 071 52 38 05.","og_url":"https:\/\/d2c-trade.com\/nl\/valli-zabban-dakmenbranen\/","og_site_name":"D2C Trade","article_publisher":"https:\/\/www.facebook.com\/D2c-Trade-243062613026845\/","article_modified_time":"2025-07-21T10:15:13+00:00","og_image":[{"url":"https:\/\/d2c-trade.com\/wp-content\/uploads\/2025\/07\/logo-Valli-Zabban.jpg"}],"twitter_card":"summary_large_image","twitter_misc":{"Geschatte leestijd":"2 minuten"},"schema":{"@context":"https:\/\/schema.org","@graph":[{"@type":"WebPage","@id":"https:\/\/d2c-trade.com\/nl\/valli-zabban-dakmenbranen\/","url":"https:\/\/d2c-trade.com\/nl\/valli-zabban-dakmenbranen\/","name":"Roofing - D2C Trade - Produits de construction en terre cuite de qualit\u00e9, blocs en terre cuite, briques de parement, isolation et accessoires pour toitures","isPartOf":{"@id":"https:\/\/d2c-trade.com\/nl\/#website"},"datePublished":"2025-07-07T12:17:49+00:00","dateModified":"2025-07-21T10:15:13+00:00","description":"Ontdek onze dakbedekkingsleveranciers. Wij zijn gevestigd in Anderlues. Neem nu contact met ons op via 071 52 38 05.","breadcrumb":{"@id":"https:\/\/d2c-trade.com\/nl\/valli-zabban-dakmenbranen\/#breadcrumb"},"inLanguage":"nl-NL","potentialAction":[{"@type":"ReadAction","target":["https:\/\/d2c-trade.com\/nl\/valli-zabban-dakmenbranen\/"]}]},{"@type":"BreadcrumbList","@id":"https:\/\/d2c-trade.com\/nl\/valli-zabban-dakmenbranen\/#breadcrumb","itemListElement":[{"@type":"ListItem","position":1,"name":"Accueil","item":"https:\/\/d2c-trade.com\/nl\/"},{"@type":"ListItem","position":2,"name":"Valli Zabban Dakmenbranen"}]},{"@type":"WebSite","@id":"https:\/\/d2c-trade.com\/nl\/#website","url":"https:\/\/d2c-trade.com\/nl\/","name":"D2C Trade","description":"Produits de construction en terre cuite de qualit\u00e9, blocs en terre cuite, briques de parement, isolation et accessoires pour toitures","publisher":{"@id":"https:\/\/d2c-trade.com\/nl\/#organization"},"potentialAction":[{"@type":"SearchAction","target":{"@type":"EntryPoint","urlTemplate":"https:\/\/d2c-trade.com\/nl\/?s={search_term_string}"},"query-input":"required name=search_term_string"}],"inLanguage":"nl-NL"},{"@type":"Organization","@id":"https:\/\/d2c-trade.com\/nl\/#organization","name":"D2C Trade","url":"https:\/\/d2c-trade.com\/nl\/","logo":{"@type":"ImageObject","inLanguage":"nl-NL","@id":"https:\/\/d2c-trade.com\/nl\/#\/schema\/logo\/image\/","url":"","contentUrl":"","caption":"D2C Trade"},"image":{"@id":"https:\/\/d2c-trade.com\/nl\/#\/schema\/logo\/image\/"},"sameAs":["https:\/\/www.facebook.com\/D2c-Trade-243062613026845\/"]}]}},"_links":{"self":[{"href":"https:\/\/d2c-trade.com\/nl\/wp-json\/wp\/v2\/pages\/1386"}],"collection":[{"href":"https:\/\/d2c-trade.com\/nl\/wp-json\/wp\/v2\/pages"}],"about":[{"href":"https:\/\/d2c-trade.com\/nl\/wp-json\/wp\/v2\/types\/page"}],"author":[{"embeddable":true,"href":"https:\/\/d2c-trade.com\/nl\/wp-json\/wp\/v2\/users\/1"}],"replies":[{"embeddable":true,"href":"https:\/\/d2c-trade.com\/nl\/wp-json\/wp\/v2\/comments?post=1386"}],"version-history":[{"count":6,"href":"https:\/\/d2c-trade.com\/nl\/wp-json\/wp\/v2\/pages\/1386\/revisions"}],"predecessor-version":[{"id":1602,"href":"https:\/\/d2c-trade.com\/nl\/wp-json\/wp\/v2\/pages\/1386\/revisions\/1602"}],"wp:attachment":[{"href":"https:\/\/d2c-trade.com\/nl\/wp-json\/wp\/v2\/media?parent=1386"}],"curies":[{"name":"wp","href":"https:\/\/api.w.org\/{rel}","templated":true}]}}