{"id":1392,"date":"2019-04-26T19:37:35","date_gmt":"2019-04-26T17:37:35","guid":{"rendered":"https:\/\/d2c-trade.com\/contact\/"},"modified":"2026-04-28T16:31:49","modified_gmt":"2026-04-28T14:31:49","slug":"contact","status":"publish","type":"page","link":"https:\/\/d2c-trade.com\/nl\/contact\/","title":{"rendered":"Contact"},"content":{"rendered":"\t\t<div data-elementor-type=\"wp-post\" data-elementor-id=\"1392\" class=\"elementor elementor-1392 elementor-145\">\n\t\t\t\t\t\t<div class=\"elementor-inner\">\n\t\t\t\t<div class=\"elementor-section-wrap\">\n\t\t\t\t\t\t\t\t\t<section class=\"has_eae_slider elementor-section elementor-top-section elementor-element elementor-element-ca7d8b2 elementor-section-content-middle elementor-section-boxed elementor-section-height-default elementor-section-height-default\" data-id=\"ca7d8b2\" data-element_type=\"section\" data-settings=\"{&quot;background_background&quot;:&quot;classic&quot;,&quot;shape_divider_bottom_negative&quot;:&quot;yes&quot;,&quot;shape_divider_bottom&quot;:&quot;arrow&quot;}\">\n\t\t\t\t\t\t\t<div class=\"elementor-background-overlay\"><\/div>\n\t\t\t\t\t\t<div class=\"elementor-shape elementor-shape-bottom\" data-negative=\"true\">\n\t\t\t<svg xmlns=\"http:\/\/www.w3.org\/2000\/svg\" viewBox=\"0 0 700 10\" preserveAspectRatio=\"none\">\n\t<path class=\"elementor-shape-fill\" d=\"M360 0L350 9.9 340 0 0 0 0 10 700 10 700 0\"\/>\n<\/svg>\t\t<\/div>\n\t\t\t\t\t<div class=\"elementor-container elementor-column-gap-default\">\n\t\t\t\t\t\t\t<div class=\"elementor-row\">\n\t\t\t\t\t<div class=\"has_eae_slider elementor-column elementor-col-100 elementor-top-column elementor-element elementor-element-641f3cdf\" data-id=\"641f3cdf\" data-element_type=\"column\">\n\t\t\t<div class=\"elementor-column-wrap elementor-element-populated\">\n\t\t\t\t\t\t\t<div class=\"elementor-widget-wrap\">\n\t\t\t\t\t\t<div class=\"elementor-element elementor-element-74a1afa8 elementor-widget elementor-widget-heading\" data-id=\"74a1afa8\" data-element_type=\"widget\" data-widget_type=\"heading.default\">\n\t\t\t\t<div class=\"elementor-widget-container\">\n\t\t\t<h2 class=\"elementor-heading-title elementor-size-large\">Neem contact met ons op !<\/h2>\t\t<\/div>\n\t\t\t\t<\/div>\n\t\t\t\t\t\t<\/div>\n\t\t\t\t\t<\/div>\n\t\t<\/div>\n\t\t\t\t\t\t\t\t<\/div>\n\t\t\t\t\t<\/div>\n\t\t<\/section>\n\t\t<div class=\"has_eae_slider elementor-element elementor-element-844d619 e-con-boxed e-flex e-con\" data-id=\"844d619\" data-element_type=\"container\" data-settings=\"{&quot;background_background&quot;:&quot;classic&quot;,&quot;content_width&quot;:&quot;boxed&quot;}\">\n\t\t\t\t\t<div class=\"e-con-inner\">\n\t\t<div class=\"has_eae_slider elementor-element elementor-element-974864f e-con-full e-flex e-con\" data-id=\"974864f\" data-element_type=\"container\" data-settings=\"{&quot;content_width&quot;:&quot;full&quot;}\">\n\t\t<div class=\"has_eae_slider elementor-element elementor-element-fe7c82c e-con-full elementor-hidden-desktop elementor-hidden-tablet elementor-hidden-mobile e-flex e-con\" data-id=\"fe7c82c\" data-element_type=\"container\" data-settings=\"{&quot;background_background&quot;:&quot;classic&quot;,&quot;content_width&quot;:&quot;full&quot;}\">\n\t\t\t\t<div class=\"elementor-element elementor-element-f460978 elementor-view-default elementor-vertical-align-top elementor-widget elementor-widget-icon-box\" data-id=\"f460978\" data-element_type=\"widget\" data-widget_type=\"icon-box.default\">\n\t\t\t\t<div class=\"elementor-widget-container\">\n\t\t\t\t\t<div class=\"elementor-icon-box-wrapper\">\n\t\t\t\t\t\t<div class=\"elementor-icon-box-icon\">\n\t\t\t\t<span class=\"elementor-icon elementor-animation-\" >\n\t\t\t\t\t\t\t\t<\/span>\n\t\t\t<\/div>\n\t\t\t\t\t\t<div class=\"elementor-icon-box-content\">\n\t\t\t\t<h2 class=\"elementor-icon-box-title\">\n\t\t\t\t\t<span  >\n\t\t\t\t\t\tVlaanderen (NL)\t\t\t\t\t<\/span>\n\t\t\t\t<\/h2>\n\t\t\t\t\t\t\t\t\t<p class=\"elementor-icon-box-description\">\n\t\t\t\t\t\tPatrick Guillaume\t\t\t\t\t<\/p>\n\t\t\t\t\t\t\t<\/div>\n\t\t<\/div>\n\t\t\t\t<\/div>\n\t\t\t\t<\/div>\n\t\t\t\t<div class=\"elementor-element elementor-element-fa0ba15 elementor-mobile-align-center infos-footer elementor-align-center elementor-icon-list--layout-traditional elementor-list-item-link-full_width elementor-widget elementor-widget-icon-list\" data-id=\"fa0ba15\" data-element_type=\"widget\" data-widget_type=\"icon-list.default\">\n\t\t\t\t<div class=\"elementor-widget-container\">\n\t\t\t\t\t<ul class=\"elementor-icon-list-items\">\n\t\t\t\t\t\t\t<li class=\"elementor-icon-list-item\">\n\t\t\t\t\t\t\t\t\t\t\t<a href=\"tel:00320471513803\">\n\n\t\t\t\t\t\t\t\t\t\t\t\t<span class=\"elementor-icon-list-icon\">\n\t\t\t\t\t\t\t<i aria-hidden=\"true\" class=\"fas fa-mobile-alt\"><\/i>\t\t\t\t\t\t<\/span>\n\t\t\t\t\t\t\t\t\t\t<span class=\"elementor-icon-list-text\">0471 51 38 03<\/span>\n\t\t\t\t\t\t\t\t\t\t\t<\/a>\n\t\t\t\t\t\t\t\t\t<\/li>\n\t\t\t\t\t\t\t\t<li class=\"elementor-icon-list-item\">\n\t\t\t\t\t\t\t\t\t\t\t<a href=\"mailto:p.guillaume@d2c-trade.com\">\n\n\t\t\t\t\t\t\t\t\t\t\t\t<span class=\"elementor-icon-list-icon\">\n\t\t\t\t\t\t\t<i aria-hidden=\"true\" class=\"far fa-envelope\"><\/i>\t\t\t\t\t\t<\/span>\n\t\t\t\t\t\t\t\t\t\t<span class=\"elementor-icon-list-text\">p.guillaume@d2c-trade.com<\/span>\n\t\t\t\t\t\t\t\t\t\t\t<\/a>\n\t\t\t\t\t\t\t\t\t<\/li>\n\t\t\t\t\t\t<\/ul>\n\t\t\t\t<\/div>\n\t\t\t\t<\/div>\n\t\t\t\t<\/div>\n\t\t<div class=\"has_eae_slider elementor-element elementor-element-25faea9 e-con-full e-flex e-con\" data-id=\"25faea9\" data-element_type=\"container\" data-settings=\"{&quot;background_background&quot;:&quot;classic&quot;,&quot;content_width&quot;:&quot;full&quot;}\">\n\t\t\t\t<div class=\"elementor-element elementor-element-8597c6a elementor-view-default elementor-vertical-align-top elementor-widget elementor-widget-icon-box\" data-id=\"8597c6a\" data-element_type=\"widget\" data-widget_type=\"icon-box.default\">\n\t\t\t\t<div class=\"elementor-widget-container\">\n\t\t\t\t\t<div class=\"elementor-icon-box-wrapper\">\n\t\t\t\t\t\t<div class=\"elementor-icon-box-icon\">\n\t\t\t\t<span class=\"elementor-icon elementor-animation-\" >\n\t\t\t\t\t\t\t\t<\/span>\n\t\t\t<\/div>\n\t\t\t\t\t\t<div class=\"elementor-icon-box-content\">\n\t\t\t\t<h2 class=\"elementor-icon-box-title\">\n\t\t\t\t\t<span  >\n\t\t\t\t\t\tBruxelles\/Flandre (FR\/NL)\t\t\t\t\t<\/span>\n\t\t\t\t<\/h2>\n\t\t\t\t\t\t\t\t\t<p class=\"elementor-icon-box-description\">\n\t\t\t\t\t\tPatrick Guillaume\t\t\t\t\t<\/p>\n\t\t\t\t\t\t\t<\/div>\n\t\t<\/div>\n\t\t\t\t<\/div>\n\t\t\t\t<\/div>\n\t\t\t\t<div class=\"elementor-element elementor-element-a4d53ed elementor-mobile-align-center infos-footer elementor-align-center elementor-icon-list--layout-traditional elementor-list-item-link-full_width elementor-widget elementor-widget-icon-list\" data-id=\"a4d53ed\" data-element_type=\"widget\" data-widget_type=\"icon-list.default\">\n\t\t\t\t<div class=\"elementor-widget-container\">\n\t\t\t\t\t<ul class=\"elementor-icon-list-items\">\n\t\t\t\t\t\t\t<li class=\"elementor-icon-list-item\">\n\t\t\t\t\t\t\t\t\t\t\t<a href=\"tel:0032471513803\">\n\n\t\t\t\t\t\t\t\t\t\t\t\t<span class=\"elementor-icon-list-icon\">\n\t\t\t\t\t\t\t<i aria-hidden=\"true\" class=\"fas fa-mobile-alt\"><\/i>\t\t\t\t\t\t<\/span>\n\t\t\t\t\t\t\t\t\t\t<span class=\"elementor-icon-list-text\">0471 51 38 03<\/span>\n\t\t\t\t\t\t\t\t\t\t\t<\/a>\n\t\t\t\t\t\t\t\t\t<\/li>\n\t\t\t\t\t\t\t\t<li class=\"elementor-icon-list-item\">\n\t\t\t\t\t\t\t\t\t\t\t<a href=\"mailto:p.guillaume@d2c-trade.com\">\n\n\t\t\t\t\t\t\t\t\t\t\t\t<span class=\"elementor-icon-list-icon\">\n\t\t\t\t\t\t\t<i aria-hidden=\"true\" class=\"far fa-envelope\"><\/i>\t\t\t\t\t\t<\/span>\n\t\t\t\t\t\t\t\t\t\t<span class=\"elementor-icon-list-text\">p.guillaume@d2c-trade.com<\/span>\n\t\t\t\t\t\t\t\t\t\t\t<\/a>\n\t\t\t\t\t\t\t\t\t<\/li>\n\t\t\t\t\t\t<\/ul>\n\t\t\t\t<\/div>\n\t\t\t\t<\/div>\n\t\t\t\t<\/div>\n\t\t<div class=\"has_eae_slider elementor-element elementor-element-026442a e-con-full e-flex e-con\" data-id=\"026442a\" data-element_type=\"container\" data-settings=\"{&quot;background_background&quot;:&quot;classic&quot;,&quot;content_width&quot;:&quot;full&quot;}\">\n\t\t\t\t<div class=\"elementor-element elementor-element-4c26def elementor-view-default elementor-vertical-align-top elementor-widget elementor-widget-icon-box\" data-id=\"4c26def\" data-element_type=\"widget\" data-widget_type=\"icon-box.default\">\n\t\t\t\t<div class=\"elementor-widget-container\">\n\t\t\t\t\t<div class=\"elementor-icon-box-wrapper\">\n\t\t\t\t\t\t<div class=\"elementor-icon-box-icon\">\n\t\t\t\t<span class=\"elementor-icon elementor-animation-\" >\n\t\t\t\t\t\t\t\t<\/span>\n\t\t\t<\/div>\n\t\t\t\t\t\t<div class=\"elementor-icon-box-content\">\n\t\t\t\t<h2 class=\"elementor-icon-box-title\">\n\t\t\t\t\t<span  >\n\t\t\t\t\t\tWallon\u00efe (FR)\t\t\t\t\t<\/span>\n\t\t\t\t<\/h2>\n\t\t\t\t\t\t\t\t\t<p class=\"elementor-icon-box-description\">\n\t\t\t\t\t\tFr\u00e9d\u00e9ric Chanson\t\t\t\t\t<\/p>\n\t\t\t\t\t\t\t<\/div>\n\t\t<\/div>\n\t\t\t\t<\/div>\n\t\t\t\t<\/div>\n\t\t\t\t<div class=\"elementor-element elementor-element-3285a65 elementor-mobile-align-center infos-footer elementor-align-center elementor-icon-list--layout-traditional elementor-list-item-link-full_width elementor-widget elementor-widget-icon-list\" data-id=\"3285a65\" data-element_type=\"widget\" data-widget_type=\"icon-list.default\">\n\t\t\t\t<div class=\"elementor-widget-container\">\n\t\t\t\t\t<ul class=\"elementor-icon-list-items\">\n\t\t\t\t\t\t\t<li class=\"elementor-icon-list-item\">\n\t\t\t\t\t\t\t\t\t\t\t<a href=\"tel:0032471570704\">\n\n\t\t\t\t\t\t\t\t\t\t\t\t<span class=\"elementor-icon-list-icon\">\n\t\t\t\t\t\t\t<i aria-hidden=\"true\" class=\"fas fa-mobile-alt\"><\/i>\t\t\t\t\t\t<\/span>\n\t\t\t\t\t\t\t\t\t\t<span class=\"elementor-icon-list-text\">0471 57 07 04<\/span>\n\t\t\t\t\t\t\t\t\t\t\t<\/a>\n\t\t\t\t\t\t\t\t\t<\/li>\n\t\t\t\t\t\t\t\t<li class=\"elementor-icon-list-item\">\n\t\t\t\t\t\t\t\t\t\t\t<a href=\"mailto:f.chanson@d2c-trade.com\">\n\n\t\t\t\t\t\t\t\t\t\t\t\t<span class=\"elementor-icon-list-icon\">\n\t\t\t\t\t\t\t<i aria-hidden=\"true\" class=\"far fa-envelope\"><\/i>\t\t\t\t\t\t<\/span>\n\t\t\t\t\t\t\t\t\t\t<span class=\"elementor-icon-list-text\">f.chanson@d2c-trade.com<\/span>\n\t\t\t\t\t\t\t\t\t\t\t<\/a>\n\t\t\t\t\t\t\t\t\t<\/li>\n\t\t\t\t\t\t<\/ul>\n\t\t\t\t<\/div>\n\t\t\t\t<\/div>\n\t\t\t\t<\/div>\n\t\t\t\t<\/div>\n\t\t\t\t\t<\/div>\n\t\t\t\t<\/div>\n\t\t\t\t<section class=\"has_eae_slider elementor-section elementor-top-section elementor-element elementor-element-52eb6a1 elementor-section-content-middle elementor-section-boxed elementor-section-height-default elementor-section-height-default\" data-id=\"52eb6a1\" data-element_type=\"section\" data-settings=\"{&quot;background_background&quot;:&quot;classic&quot;,&quot;background_motion_fx_motion_fx_scrolling&quot;:&quot;yes&quot;,&quot;background_motion_fx_devices&quot;:[&quot;desktop&quot;,&quot;tablet&quot;,&quot;mobile&quot;]}\">\n\t\t\t\t\t\t\t<div class=\"elementor-background-overlay\"><\/div>\n\t\t\t\t\t\t\t<div class=\"elementor-container elementor-column-gap-no\">\n\t\t\t\t\t\t\t<div class=\"elementor-row\">\n\t\t\t\t\t<div class=\"has_eae_slider elementor-column elementor-col-100 elementor-top-column elementor-element elementor-element-198d33c\" data-id=\"198d33c\" data-element_type=\"column\" data-settings=\"{&quot;background_background&quot;:&quot;classic&quot;}\">\n\t\t\t<div class=\"elementor-column-wrap elementor-element-populated\">\n\t\t\t\t\t\t\t<div class=\"elementor-widget-wrap\">\n\t\t\t\t\t\t<div class=\"elementor-element elementor-element-ada436c elementor-widget elementor-widget-heading\" data-id=\"ada436c\" data-element_type=\"widget\" data-widget_type=\"heading.default\">\n\t\t\t\t<div class=\"elementor-widget-container\">\n\t\t\t<h4 class=\"elementor-heading-title elementor-size-default\">Online aanvraag<\/h4>\t\t<\/div>\n\t\t\t\t<\/div>\n\t\t\t\t<div class=\"elementor-element elementor-element-2964d23 elementor-widget elementor-widget-shortcode\" data-id=\"2964d23\" data-element_type=\"widget\" data-widget_type=\"shortcode.default\">\n\t\t\t\t<div class=\"elementor-widget-container\">\n\t\t\t\t\t<div class=\"elementor-shortcode\"><form method=\"post\" enctype=\"multipart\/form-data\" id=\"vfbp-form-2\" class=\"vfbp-form\"><div style=\"display:none;\"><label for=\"vfbp-EMAIL-AN8fuQyoDLXem\">If you are human, leave this field blank.<\/label><input size=\"25\" autocomplete=\"off\" type=\"text\" name=\"vfbp-EMAIL-AN8fuQyoDLXem\" value=\"\" id=\"\"><\/div><input type=\"hidden\" name=\"_vfb-timestamp-2\" value=\"1777932994\" id=\"\"><input type=\"hidden\" name=\"_vfb-form-id\" value=\"2\" id=\"\"><div class=\"vfb-col-12 vfb-fieldType-radio\" id=\"vfbField12\"><label for=\"vfb-field-12\" class=\"vfb-control-label\">U bent een <span class=\"vfb-required-asterisk\">*<\/span><\/label><div><div class=\"vfb-inline-group\"><div class=\"vfb-radio\"><label><input id=\"vfb-field-12-0\" class=\"\" placeholder=\"\" required=\"required\" type=\"radio\" name=\"vfb-field-12\" value=\"Promotor\">Promotor<\/label><\/div><div class=\"vfb-radio\"><label><input id=\"vfb-field-12-1\" class=\"\" placeholder=\"\" required=\"required\" type=\"radio\" name=\"vfb-field-12\" value=\"Priv&eacute;\">Priv\u00e9<\/label><\/div><div class=\"vfb-radio\"><label><input id=\"vfb-field-12-2\" class=\"\" placeholder=\"\" required=\"required\" type=\"radio\" name=\"vfb-field-12\" value=\"Professioneel\">Professioneel<\/label><\/div><div class=\"vfb-radio\"><label><input id=\"vfb-field-12-3\" class=\"\" placeholder=\"\" required=\"required\" type=\"radio\" name=\"vfb-field-12\" value=\"Administratie\">Administratie<\/label><\/div><\/div><\/div><\/div><div class=\"vfb-clearfix\"><\/div><div class=\"vfb-col-6 vfb-fieldType-text\" id=\"vfbField13\"><div class=\"vfb-form-group\"><label for=\"vfb-field-13\" class=\"vfb-control-label\">Naam <span class=\"vfb-required-asterisk\">*<\/span><\/label><div><input id=\"vfb-field-13\" class=\"vfb-form-control\" placeholder=\"\" required=\"required\" type=\"text\" name=\"vfb-field-13\" value=\"\"><\/div><\/div><\/div><div class=\"vfb-col-6 vfb-fieldType-text\" id=\"vfbField14\"><div class=\"vfb-form-group\"><label for=\"vfb-field-14\" class=\"vfb-control-label\">Voornaam<\/label><div><input id=\"vfb-field-14\" class=\"vfb-form-control\" placeholder=\"\" type=\"text\" name=\"vfb-field-14\" value=\"\"><\/div><\/div><\/div><div class=\"vfb-clearfix\"><\/div><div class=\"vfb-col-6 vfb-fieldType-text\" id=\"vfbField15\"><div class=\"vfb-form-group\"><label for=\"vfb-field-15\" class=\"vfb-control-label\">Telefoon <span class=\"vfb-required-asterisk\">*<\/span><\/label><div><input id=\"vfb-field-15\" class=\"vfb-form-control\" placeholder=\"\" required=\"required\" type=\"text\" name=\"vfb-field-15\" value=\"\"><\/div><\/div><\/div><div class=\"vfb-col-6 vfb-fieldType-email\" id=\"vfbField16\"><div class=\"vfb-form-group\"><label for=\"vfb-field-16\" class=\"vfb-control-label\">E-mailadres <span class=\"vfb-required-asterisk\">*<\/span><\/label><div><input id=\"vfb-field-16\" class=\"vfb-form-control\" placeholder=\"\" required=\"required\" type=\"email\" name=\"vfb-field-16\" value=\"\"><\/div><\/div><\/div><div class=\"vfb-clearfix\"><\/div><div class=\"vfb-col-12 vfb-fieldType-checkbox\" id=\"vfbField17\"><label for=\"vfb-field-17\" class=\"vfb-control-label\">Onderwerp van uw aanvraag <span class=\"vfb-required-asterisk\">*<\/span><\/label><div><div class=\"vfb-inline-group\"><div class=\"vfb-checkbox\"><label><input id=\"vfb-field-17-0\" class=\"\" placeholder=\"\" data-vfb-multiple=\"vfb-field-17\" required=\"required\" type=\"checkbox\" name=\"vfb-field-17[0]\" value=\"1\">Afspraakaanvraag<\/label><\/div><div class=\"vfb-checkbox\"><label><input id=\"vfb-field-17-1\" class=\"\" placeholder=\"\" data-vfb-multiple=\"vfb-field-17\" type=\"checkbox\" name=\"vfb-field-17[1]\" value=\"1\">Offerteaanvraag<\/label><\/div><div class=\"vfb-checkbox\"><label><input id=\"vfb-field-17-2\" class=\"\" placeholder=\"\" data-vfb-multiple=\"vfb-field-17\" type=\"checkbox\" name=\"vfb-field-17[2]\" value=\"1\">Informatieaanvraag<\/label><\/div><div class=\"vfb-checkbox\"><label><input id=\"vfb-field-17-3\" class=\"\" placeholder=\"\" data-vfb-multiple=\"vfb-field-17\" type=\"checkbox\" name=\"vfb-field-17[3]\" value=\"1\">Overig<\/label><\/div><\/div><\/div><\/div><div class=\"vfb-clearfix\"><\/div><div class=\"vfb-col-12 vfb-fieldType-textarea\" id=\"vfbField18\"><div class=\"vfb-form-group\"><label for=\"vfb-field-18\" class=\"vfb-control-label\">Beschrijving van uw project of aanvraag <span class=\"vfb-required-asterisk\">*<\/span><\/label><div><textarea id=\"vfb-field-18\" class=\"vfb-form-control\" placeholder=\"\" required=\"required\" rows=\"10\" name=\"vfb-field-18\" cols=\"50\"><\/textarea><\/div><\/div><\/div><div class=\"vfb-clearfix\"><\/div><div class=\"vfb-col-12 vfb-fieldType-file-upload\" id=\"vfbField19\"><div class=\"vfb-form-group\"><label for=\"vfb-field-19\" class=\"vfb-control-label\">Bestanden bijvoegen<\/label><div><input id=\"vfb-field-19\" class=\"vfb-form-control vfb-file-input\" placeholder=\"\" data-browse-label=\"Parcourir\" type=\"file\" name=\"vfb-field-19\"><span class=\"vfb-help-block\">Stuur een bestand (foto, plattegrond, PDF)<\/span><\/div><\/div><\/div><div class=\"vfb-clearfix\"><\/div><div class=\"vfb-col-12 vfb-fieldType-captcha\" id=\"vfbField20\"><div class=\"vfb-form-group\"><div><div class=\"g-recaptcha-v3\" data-sitekey=\"6LemrbYUAAAAAOHC2MeHZwD0FJOTiPEQ7LgJ7VJH\"><\/div><input type=\"hidden\" name=\"_vfb_recaptcha_enabled\" value=\"1\" id=\"\"><input type=\"hidden\" id=\"g-recaptcha-response\" name=\"g-recaptcha-response\"><div class=\"vfb-has-error\" id=\"vfb-recaptcha-error\"><span class=\"vfb-help-block\">reCAPTCHA is required.<\/span><\/div><\/div><\/div><\/div><div class=\"vfb-clearfix\"><\/div><div class=\"vfb-col-12 vfb-fieldType-submit\" id=\"vfbField21\"><button id=\"vfb-field-21\" class=\" btn btn-primary\" placeholder=\"\" type=\"submit\" name=\"_vfb-submit\">Versturen<\/button><\/div><div class=\"vfb-clearfix\"><\/div><\/form><\/div>\n\t\t\t\t<\/div>\n\t\t\t\t<\/div>\n\t\t\t\t\t\t<\/div>\n\t\t\t\t\t<\/div>\n\t\t<\/div>\n\t\t\t\t\t\t\t\t<\/div>\n\t\t\t\t\t<\/div>\n\t\t<\/section>\n\t\t\t\t\t\t\t\t\t<\/div>\n\t\t\t<\/div>\n\t\t\t\t\t<\/div>\n\t\t","protected":false},"excerpt":{"rendered":"<p>Neem contact met ons op ! Vlaanderen (NL) Patrick Guillaume 0471 51 38 03 p.guillaume@d2c-trade.com Bruxelles\/Flandre (FR\/NL) Patrick Guillaume 0471 51 38 03 p.guillaume@d2c-trade.com Wallon\u00efe (FR) Fr\u00e9d\u00e9ric Chanson 0471 57 07 04 f.chanson@d2c-trade.com Online aanvraag<\/p>\n","protected":false},"author":1,"featured_media":0,"parent":0,"menu_order":0,"comment_status":"closed","ping_status":"open","template":"elementor_header_footer","meta":{"_exactmetrics_skip_tracking":false,"_exactmetrics_sitenote_active":false,"_exactmetrics_sitenote_note":"","_exactmetrics_sitenote_category":0},"yoast_head":"<!-- This site is optimized with the Yoast SEO plugin v20.8 - https:\/\/yoast.com\/wordpress\/plugins\/seo\/ -->\n<title>Contact D2C Trade - Produits de construction en terre cuite de qualit\u00e9, blocs en terre cuite, briques de parement, isolation et accessoires pour toitures<\/title>\n<meta name=\"description\" content=\"Neem contact met ons op voor al uw vragen over dakbedekkingsmaterialen en algemene bouwmaterialen. Bedrijf gevestigd in Anderlues.\" \/>\n<meta name=\"robots\" content=\"index, follow, max-snippet:-1, max-image-preview:large, max-video-preview:-1\" \/>\n<link rel=\"canonical\" href=\"https:\/\/d2c-trade.com\/nl\/contact\/\" \/>\n<meta property=\"og:locale\" content=\"nl_NL\" \/>\n<meta property=\"og:type\" content=\"article\" \/>\n<meta property=\"og:title\" content=\"Contact D2C Trade - Produits de construction en terre cuite de qualit\u00e9, blocs en terre cuite, briques de parement, isolation et accessoires pour toitures\" \/>\n<meta property=\"og:description\" content=\"Neem contact met ons op voor al uw vragen over dakbedekkingsmaterialen en algemene bouwmaterialen. Bedrijf gevestigd in Anderlues.\" \/>\n<meta property=\"og:url\" content=\"https:\/\/d2c-trade.com\/nl\/contact\/\" \/>\n<meta property=\"og:site_name\" content=\"D2C Trade\" \/>\n<meta property=\"article:publisher\" content=\"https:\/\/www.facebook.com\/D2c-Trade-243062613026845\/\" \/>\n<meta property=\"article:modified_time\" content=\"2026-04-28T14:31:49+00:00\" \/>\n<meta name=\"twitter:card\" content=\"summary_large_image\" \/>\n<script type=\"application\/ld+json\" class=\"yoast-schema-graph\">{\"@context\":\"https:\/\/schema.org\",\"@graph\":[{\"@type\":\"WebPage\",\"@id\":\"https:\/\/d2c-trade.com\/nl\/contact\/\",\"url\":\"https:\/\/d2c-trade.com\/nl\/contact\/\",\"name\":\"Contact D2C Trade - Produits de construction en terre cuite de qualit\u00e9, blocs en terre cuite, briques de parement, isolation et accessoires pour toitures\",\"isPartOf\":{\"@id\":\"https:\/\/d2c-trade.com\/nl\/#website\"},\"datePublished\":\"2019-04-26T17:37:35+00:00\",\"dateModified\":\"2026-04-28T14:31:49+00:00\",\"description\":\"Neem contact met ons op voor al uw vragen over dakbedekkingsmaterialen en algemene bouwmaterialen. Bedrijf gevestigd in Anderlues.\",\"breadcrumb\":{\"@id\":\"https:\/\/d2c-trade.com\/nl\/contact\/#breadcrumb\"},\"inLanguage\":\"nl-NL\",\"potentialAction\":[{\"@type\":\"ReadAction\",\"target\":[\"https:\/\/d2c-trade.com\/nl\/contact\/\"]}]},{\"@type\":\"BreadcrumbList\",\"@id\":\"https:\/\/d2c-trade.com\/nl\/contact\/#breadcrumb\",\"itemListElement\":[{\"@type\":\"ListItem\",\"position\":1,\"name\":\"Accueil\",\"item\":\"https:\/\/d2c-trade.com\/nl\/\"},{\"@type\":\"ListItem\",\"position\":2,\"name\":\"Contact\"}]},{\"@type\":\"WebSite\",\"@id\":\"https:\/\/d2c-trade.com\/nl\/#website\",\"url\":\"https:\/\/d2c-trade.com\/nl\/\",\"name\":\"D2C Trade\",\"description\":\"Produits de construction en terre cuite de qualit\u00e9, blocs en terre cuite, briques de parement, isolation et accessoires pour toitures\",\"publisher\":{\"@id\":\"https:\/\/d2c-trade.com\/nl\/#organization\"},\"potentialAction\":[{\"@type\":\"SearchAction\",\"target\":{\"@type\":\"EntryPoint\",\"urlTemplate\":\"https:\/\/d2c-trade.com\/nl\/?s={search_term_string}\"},\"query-input\":\"required name=search_term_string\"}],\"inLanguage\":\"nl-NL\"},{\"@type\":\"Organization\",\"@id\":\"https:\/\/d2c-trade.com\/nl\/#organization\",\"name\":\"D2C Trade\",\"url\":\"https:\/\/d2c-trade.com\/nl\/\",\"logo\":{\"@type\":\"ImageObject\",\"inLanguage\":\"nl-NL\",\"@id\":\"https:\/\/d2c-trade.com\/nl\/#\/schema\/logo\/image\/\",\"url\":\"\",\"contentUrl\":\"\",\"caption\":\"D2C Trade\"},\"image\":{\"@id\":\"https:\/\/d2c-trade.com\/nl\/#\/schema\/logo\/image\/\"},\"sameAs\":[\"https:\/\/www.facebook.com\/D2c-Trade-243062613026845\/\"]}]}<\/script>\n<!-- \/ Yoast SEO plugin. -->","yoast_head_json":{"title":"Contact D2C Trade - Produits de construction en terre cuite de qualit\u00e9, blocs en terre cuite, briques de parement, isolation et accessoires pour toitures","description":"Neem contact met ons op voor al uw vragen over dakbedekkingsmaterialen en algemene bouwmaterialen. Bedrijf gevestigd in Anderlues.","robots":{"index":"index","follow":"follow","max-snippet":"max-snippet:-1","max-image-preview":"max-image-preview:large","max-video-preview":"max-video-preview:-1"},"canonical":"https:\/\/d2c-trade.com\/nl\/contact\/","og_locale":"nl_NL","og_type":"article","og_title":"Contact D2C Trade - Produits de construction en terre cuite de qualit\u00e9, blocs en terre cuite, briques de parement, isolation et accessoires pour toitures","og_description":"Neem contact met ons op voor al uw vragen over dakbedekkingsmaterialen en algemene bouwmaterialen. Bedrijf gevestigd in Anderlues.","og_url":"https:\/\/d2c-trade.com\/nl\/contact\/","og_site_name":"D2C Trade","article_publisher":"https:\/\/www.facebook.com\/D2c-Trade-243062613026845\/","article_modified_time":"2026-04-28T14:31:49+00:00","twitter_card":"summary_large_image","schema":{"@context":"https:\/\/schema.org","@graph":[{"@type":"WebPage","@id":"https:\/\/d2c-trade.com\/nl\/contact\/","url":"https:\/\/d2c-trade.com\/nl\/contact\/","name":"Contact D2C Trade - Produits de construction en terre cuite de qualit\u00e9, blocs en terre cuite, briques de parement, isolation et accessoires pour toitures","isPartOf":{"@id":"https:\/\/d2c-trade.com\/nl\/#website"},"datePublished":"2019-04-26T17:37:35+00:00","dateModified":"2026-04-28T14:31:49+00:00","description":"Neem contact met ons op voor al uw vragen over dakbedekkingsmaterialen en algemene bouwmaterialen. Bedrijf gevestigd in Anderlues.","breadcrumb":{"@id":"https:\/\/d2c-trade.com\/nl\/contact\/#breadcrumb"},"inLanguage":"nl-NL","potentialAction":[{"@type":"ReadAction","target":["https:\/\/d2c-trade.com\/nl\/contact\/"]}]},{"@type":"BreadcrumbList","@id":"https:\/\/d2c-trade.com\/nl\/contact\/#breadcrumb","itemListElement":[{"@type":"ListItem","position":1,"name":"Accueil","item":"https:\/\/d2c-trade.com\/nl\/"},{"@type":"ListItem","position":2,"name":"Contact"}]},{"@type":"WebSite","@id":"https:\/\/d2c-trade.com\/nl\/#website","url":"https:\/\/d2c-trade.com\/nl\/","name":"D2C Trade","description":"Produits de construction en terre cuite de qualit\u00e9, blocs en terre cuite, briques de parement, isolation et accessoires pour toitures","publisher":{"@id":"https:\/\/d2c-trade.com\/nl\/#organization"},"potentialAction":[{"@type":"SearchAction","target":{"@type":"EntryPoint","urlTemplate":"https:\/\/d2c-trade.com\/nl\/?s={search_term_string}"},"query-input":"required name=search_term_string"}],"inLanguage":"nl-NL"},{"@type":"Organization","@id":"https:\/\/d2c-trade.com\/nl\/#organization","name":"D2C Trade","url":"https:\/\/d2c-trade.com\/nl\/","logo":{"@type":"ImageObject","inLanguage":"nl-NL","@id":"https:\/\/d2c-trade.com\/nl\/#\/schema\/logo\/image\/","url":"","contentUrl":"","caption":"D2C Trade"},"image":{"@id":"https:\/\/d2c-trade.com\/nl\/#\/schema\/logo\/image\/"},"sameAs":["https:\/\/www.facebook.com\/D2c-Trade-243062613026845\/"]}]}},"_links":{"self":[{"href":"https:\/\/d2c-trade.com\/nl\/wp-json\/wp\/v2\/pages\/1392"}],"collection":[{"href":"https:\/\/d2c-trade.com\/nl\/wp-json\/wp\/v2\/pages"}],"about":[{"href":"https:\/\/d2c-trade.com\/nl\/wp-json\/wp\/v2\/types\/page"}],"author":[{"embeddable":true,"href":"https:\/\/d2c-trade.com\/nl\/wp-json\/wp\/v2\/users\/1"}],"replies":[{"embeddable":true,"href":"https:\/\/d2c-trade.com\/nl\/wp-json\/wp\/v2\/comments?post=1392"}],"version-history":[{"count":8,"href":"https:\/\/d2c-trade.com\/nl\/wp-json\/wp\/v2\/pages\/1392\/revisions"}],"predecessor-version":[{"id":1788,"href":"https:\/\/d2c-trade.com\/nl\/wp-json\/wp\/v2\/pages\/1392\/revisions\/1788"}],"wp:attachment":[{"href":"https:\/\/d2c-trade.com\/nl\/wp-json\/wp\/v2\/media?parent=1392"}],"curies":[{"name":"wp","href":"https:\/\/api.w.org\/{rel}","templated":true}]}}